{"id":540,"date":"2020-03-30T23:00:12","date_gmt":"2020-03-30T21:00:12","guid":{"rendered":"http:\/\/www.gabor-sp.si\/?page_id=540"},"modified":"2022-02-14T14:57:23","modified_gmt":"2022-02-14T13:57:23","slug":"home","status":"publish","type":"page","link":"https:\/\/www.gabor-sp.si\/","title":{"rendered":"Home"},"content":{"rendered":"<div id='av_section_1'  class='avia-section main_color avia-section-large avia-no-border-styling  avia-full-stretch avia-bg-style-fixed  avia-builder-el-0  el_before_av_section  avia-builder-el-first   container_wrap sidebar_right' style='background-color: #ffffff; background-repeat: no-repeat; background-image: url(https:\/\/www.gabor-sp.si\/wp-content\/uploads\/2020\/03\/prenosnik_ozadje_home.jpg);background-attachment: fixed; background-position: top left;  '  data-section-bg-repeat='stretch'><div class='av-section-color-overlay-wrap'><a href='#next-section' title='' class='scroll-down-link '  aria-hidden='true' data-av_icon='\ue877' data-av_iconfont='entypo-fontello'><\/a><div class='container' ><main  role=\"main\" itemprop=\"mainContentOfPage\"  class='template-page content  av-content-small alpha units'><div class='post-entry post-entry-type-page post-entry-540'><div class='entry-content-wrapper clearfix'>\n<div class=\"flex_column av_one_fifth  flex_column_div first  avia-builder-el-1  el_before_av_one_fifth  avia-builder-el-first  \" style='padding:20px; border-radius:0px; '><\/div><div class=\"flex_column av_one_fifth  flex_column_div   avia-builder-el-2  el_after_av_one_fifth  el_before_av_three_fifth  \" style='padding:20px; border-radius:0px; '><\/div><div class=\"flex_column av_three_fifth  flex_column_div   avia-builder-el-3  el_after_av_one_fifth  avia-builder-el-last  \" style='padding:20px; border-radius:0px; '><p><div  style='padding-bottom:0px; color:#000000;font-size:65px;' class='av-special-heading av-special-heading-h3 custom-color-heading blockquote modern-quote modern-centered  avia-builder-el-4  el_before_av_hr  avia-builder-el-first  av-thin-font av-inherit-size '><h3 class='av-special-heading-tag '  itemprop=\"headline\"  ><strong>Ra\u010dunalni\u0161ke storitve<\/strong><br \/>Janez Gabor s.p.<\/h3><div class='special-heading-border'><div class='special-heading-inner-border' style='border-color:#000000'><\/div><\/div><\/div><br \/>\n<div  style=' margin-top:30px; margin-bottom:30px;'  class='hr hr-custom hr-center hr-icon-no   avia-builder-el-5  el_after_av_heading  el_before_av_textblock '><span class='hr-inner   inner-border-av-border-thin' style=' width:50px; border-color:#000000;' ><span class='hr-inner-style'><\/span><\/span><\/div><br \/>\n<section class=\"av_textblock_section \"  itemscope=\"itemscope\" itemtype=\"https:\/\/schema.org\/CreativeWork\" ><div class='avia_textblock  av_inherit_color '  style='font-size:22px; color:#000000; '  itemprop=\"text\" ><p style=\"text-align: center;\">IT storitve, ra\u010dunalni\u0161ka podpora in servis ra\u010dunalni\u0161ke opreme<\/p>\n<\/div><\/section><br \/>\n<div  style=' margin-top:30px; margin-bottom:50px;'  class='hr hr-custom hr-center hr-icon-no   avia-builder-el-7  el_after_av_textblock  avia-builder-el-last '><span class='hr-inner   inner-border-av-border-thin' style=' width:50px; border-color:#000000;' ><span class='hr-inner-style'><\/span><\/span><\/div><\/p><\/div>\n\n<\/div><\/div><\/main><!-- close content main element --><\/div><div class='av-extra-border-element border-extra-diagonal  diagonal-box-shadow'><div class='av-extra-border-outer'><div class='av-extra-border-inner'  style='background-color:#f3f3f3;' ><\/div><\/div><\/div><\/div><\/div><div id='av_section_2'  class='avia-section main_color avia-section-huge avia-no-border-styling  avia-bg-style-scroll  avia-builder-el-8  el_after_av_section  el_before_av_section   container_wrap sidebar_right' style='background-color: #f3f3f3; background-repeat: no-repeat; background-image: url(https:\/\/www.gabor-sp.si\/wp-content\/uploads\/2020\/04\/it_delovni_prostor_m_m.jpg);background-attachment: scroll; background-position: center right;  '  data-section-bg-repeat='no-repeat'><div class='container' ><div class='template-page content  av-content-small alpha units'><div class='post-entry post-entry-type-page post-entry-540'><div class='entry-content-wrapper clearfix'>\n<div class=\"flex_column av_one_third  flex_column_div av-zero-column-padding first  avia-builder-el-9  el_before_av_one_third  avia-builder-el-first  \" style='border-radius:0px; '><section class=\"av_textblock_section \"  itemscope=\"itemscope\" itemtype=\"https:\/\/schema.org\/CreativeWork\" ><div class='avia_textblock  '   itemprop=\"text\" ><h2>Sistemske storitve<\/h2>\n<ul>\n<li>stre\u017eni\u0161ke re\u0161itve<\/li>\n<li>omre\u017eja<\/li>\n<li>varnost in za\u0161\u010dita IT sistemov<\/li>\n<li>varnostno kopiranje podatkov<\/li>\n<li>visoko razpolo\u017eljivo IT okolje<\/li>\n<li>\u017ei\u010dna in brez\u017ei\u010dna omre\u017eja<\/li>\n<\/ul>\n<\/div><\/section><\/div><div class=\"flex_column av_one_third  flex_column_div av-zero-column-padding   avia-builder-el-11  el_after_av_one_third  el_before_av_one_third  \" style='border-radius:0px; '><section class=\"av_textblock_section \"  itemscope=\"itemscope\" itemtype=\"https:\/\/schema.org\/CreativeWork\" ><div class='avia_textblock  '   itemprop=\"text\" ><h2>Podpora uporabnikom poslovno informacijskega sistema Pantheon<\/h2>\n<ul>\n<li>namestitve in nadgradnje programa<\/li>\n<li>vzdr\u017eevanje podatkovnih baz<\/li>\n<li>oblikovanje izpisov<\/li>\n<li>sistemska podpora<\/li>\n<li>varnostno kopiranje podatkovnih baz<\/li>\n<\/ul>\n<\/div><\/section><\/div><div class=\"flex_column av_one_third  flex_column_div av-zero-column-padding   avia-builder-el-13  el_after_av_one_third  el_before_av_one_third  \" style='border-radius:0px; '><\/div><div class=\"flex_column av_one_third  flex_column_div av-zero-column-padding first  avia-builder-el-14  el_after_av_one_third  el_before_av_one_third  column-top-margin\" style='border-radius:0px; '><section class=\"av_textblock_section \"  itemscope=\"itemscope\" itemtype=\"https:\/\/schema.org\/CreativeWork\" ><div class='avia_textblock  '   itemprop=\"text\" ><h2>Podpora<\/h2>\n<ul>\n<li>IT podpora in vzdr\u017eevanje<\/li>\n<li>podpora na daljavo<\/li>\n<li>svetovanje in prodaja<\/li>\n<\/ul>\n<\/div><\/section><\/div><div class=\"flex_column av_one_third  flex_column_div av-zero-column-padding   avia-builder-el-16  el_after_av_one_third  el_before_av_one_third  column-top-margin\" style='border-radius:0px; '><section class=\"av_textblock_section \"  itemscope=\"itemscope\" itemtype=\"https:\/\/schema.org\/CreativeWork\" ><div class='avia_textblock  '   itemprop=\"text\" ><h2>Servis<\/h2>\n<ul>\n<li>servis ra\u010dunalnikov in prenosnikov<\/li>\n<\/ul>\n<\/div><\/section><\/div><div class=\"flex_column av_one_third  flex_column_div av-zero-column-padding   avia-builder-el-18  el_after_av_one_third  avia-builder-el-last  column-top-margin\" style='border-radius:0px; '><\/div>\n\n<\/div><\/div><\/div><!-- close content main div --><\/div><div class='av-extra-border-element border-extra-diagonal border-extra-diagonal-inverse '><div class='av-extra-border-outer'><div class='av-extra-border-inner'  style='background-color:#ffffff;' ><\/div><\/div><\/div><\/div><div id='av_section_3'  class='avia-section main_color avia-section-huge avia-no-border-styling  avia-bg-style-scroll  avia-builder-el-19  el_after_av_section  el_before_av_section   container_wrap sidebar_right' style='background-repeat: no-repeat; background-image: url(https:\/\/www.gabor-sp.si\/wp-content\/uploads\/2020\/04\/podpora_m_m.jpg);background-attachment: scroll; background-position: center left;  '  data-section-bg-repeat='no-repeat'><div class='container' ><div class='template-page content  av-content-small alpha units'><div class='post-entry post-entry-type-page post-entry-540'><div class='entry-content-wrapper clearfix'>\n<div class=\"flex_column av_one_third  flex_column_div av-zero-column-padding first  avia-builder-el-20  el_before_av_one_third  avia-builder-el-first  \" style='border-radius:0px; '><\/div><div class=\"flex_column av_one_third  flex_column_div av-zero-column-padding   avia-builder-el-21  el_after_av_one_third  el_before_av_one_third  \" style='background: #003366; background-color:#003366; border-radius:0px; '><div   class='av_promobox  avia-button-no   avia-builder-el-22  avia-builder-el-no-sibling '>\t\t<div class='avia-promocontent'><\/p>\n<h2>HITRI KONTAKT<\/h2>\n<p>Kontaktirajte me, z veseljem vam bom pomagal in svetoval!<\/p>\n<p>031 609 726<\/p>\n<p>janez@gabor-sp.si<\/p>\n<p>skype: janez.gabor<\/p>\n<\/div><\/div><\/div><div class=\"flex_column av_one_third  flex_column_div av-zero-column-padding   avia-builder-el-23  el_after_av_one_third  avia-builder-el-last  \" style='border-radius:0px; '><div   class='av_promobox  avia-button-no   avia-builder-el-24  avia-builder-el-no-sibling '>\t\t<div class='avia-promocontent'><\/p>\n<h2>ODDALJENA PODPORA<\/h2>\n<p>Hitra in podpora preko oddaljeno povezave. Pomo\u010d pri name\u0161\u010danju, nastavitvah in uporabi programske ali strojne opreme.<\/p>\n<p><a href=\"https:\/\/get.teamviewer.com\/b3wx4vc\"><img decoding=\"async\" loading=\"lazy\" class=\"alignnone size-full wp-image-631\" src=\"http:\/\/www.gabor-sp.si\/wp-content\/uploads\/2020\/03\/TV_logotip.png\" alt=\"\" width=\"270\" height=\"67\" \/><\/a><\/p>\n<\/div><\/div><\/div>\n\n<\/div><\/div><\/div><!-- close content main div --><\/div><div class='av-extra-border-element border-extra-diagonal  '><div class='av-extra-border-outer'><div class='av-extra-border-inner'  style='background-color:#cccccc;' ><\/div><\/div><\/div><\/div><div id='av_section_4'  class='avia-section main_color avia-section-default avia-no-border-styling  avia-bg-style-scroll  avia-builder-el-25  el_after_av_section  avia-builder-el-last   container_wrap sidebar_right' style='background-color: #cccccc;  '  ><div class='container' ><div class='template-page content  av-content-small alpha units'><div class='post-entry post-entry-type-page post-entry-540'><div class='entry-content-wrapper clearfix'>\n<div   data-autoplay='1'  data-interval='5'  data-animation='fade'  data-hoverpause='1'  class='avia-testimonial-wrapper avia-slider-testimonials avia-slider-2-testimonials avia_animate_when_almost_visible   '>\n<section class ='avia-testimonial-row'><div class='avia-testimonial av_one_half flex_column no_margin avia-testimonial-row-1 avia-first-testimonial' ><div class='avia-testimonial_inner'  itemscope=\"itemscope\" itemtype=\"https:\/\/schema.org\/CreativeWork\" ><div class='avia-testimonial-content '  ><div class='avia-testimonial-markup-entry-content'  itemprop=\"text\" ><p>IKT (Informacijsko-komunikacijske tehnologije) vklju\u010duje vse tehnologije, ki jih uporabljamo za zbiranje, obdelovanje, shranjevanje in za\u0161\u010dito podatkov. Nana\u0161a se na ra\u010dunalni\u0161ko strojno opremo (hardware), ra\u010dunalni\u0161ke programe (software), ra\u010dunalni\u0161ka omre\u017eja (internet) in storitve.<\/p>\n<\/div><\/div><div class='avia-testimonial-meta'><div class='avia-testimonial-arrow-wrap'><div class='avia-arrow'><\/div><\/div><div class='avia-testimonial-meta-mini'  itemprop=\"author\" itemscope=\"itemscope\" itemtype=\"https:\/\/schema.org\/Person\" ><\/div><\/div><\/div><\/div>\n<div class='avia-testimonial av_one_half flex_column no_margin avia-testimonial-row-1 ' ><div class='avia-testimonial_inner'  itemscope=\"itemscope\" itemtype=\"https:\/\/schema.org\/CreativeWork\" ><div class='avia-testimonial-content '  ><div class='avia-testimonial-markup-entry-content'  itemprop=\"text\" ><p>Ra\u010dunalnik (angle\u0161ko computer) je naprava ali sistem, ki je sposoben izvajati zaporedje operacij (algoritem). Pri tem procesira informacije, obi\u010dajno v obliki numeri\u010dnih ali logi\u010dnih operacij, ali procesiranja podatkov, za kar uporablja vhodno-izhodne naprave.Ker se zaporedje izvajanja operacij s spremembo programa lahko spremeni, lahko ra\u010dunalnik uporabljamo za razli\u010dne namene.<\/p>\n<p>Vir: https:\/\/sl.wikipedia.org\/wiki\/Ra\u010dunalnik<\/p>\n<\/div><\/div><div class='avia-testimonial-meta'><div class='avia-testimonial-arrow-wrap'><div class='avia-arrow'><\/div><\/div><div class='avia-testimonial-meta-mini'  itemprop=\"author\" itemscope=\"itemscope\" itemtype=\"https:\/\/schema.org\/Person\" ><\/div><\/div><\/div><\/div>\n<div class='avia-testimonial av_one_half flex_column no_margin avia-testimonial-row-1 ' ><div class='avia-testimonial_inner'  itemscope=\"itemscope\" itemtype=\"https:\/\/schema.org\/CreativeWork\" ><div class='avia-testimonial-content '  ><div class='avia-testimonial-markup-entry-content'  itemprop=\"text\" ><p>Internet ali z drugo besedo medmre\u017eje (mednarodni izraz internet je skraj\u0161an iz angle\u0161ke besede \u00bbinter-network\u00ab) je v splo\u0161nem smislu ra\u010dunalni\u0161ko omre\u017eje, ki povezuje ve\u010d omre\u017eij. Kot lastno ime je Internet javno razpolo\u017eljiv mednarodno povezan sistem ra\u010dunalnikov skupaj z informacijami in uslugami za uporabnike. Sistem uporablja na\u010din paketno preklopljivih komunikacijskih protokolov TCP\/IP. Tako se najve\u010dje medmre\u017eje enostavno imenuje Internet. Spretnost povezovanja omre\u017eij na ta na\u010din se imenuje internetno delovanje. V raz\u0161irjenem izra\u017eanju se internet velikokrat nana\u0161a na storitve, kot so svetovni splet (WWW), elektronska po\u0161ta in neposredni klepet (online chat).<\/p>\n<p>Vir: https:\/\/sl.wikipedia.org\/wiki\/Internet<\/p>\n<\/div><\/div><div class='avia-testimonial-meta'><div class='avia-testimonial-arrow-wrap'><div class='avia-arrow'><\/div><\/div><div class='avia-testimonial-meta-mini'  itemprop=\"author\" itemscope=\"itemscope\" itemtype=\"https:\/\/schema.org\/Person\" ><\/div><\/div><\/div><\/div>\n<\/section><\/div>\n<\/div><\/div><\/div><!-- close content main div --><\/div><\/div><div id='after_section_4'  class='main_color av_default_container_wrap container_wrap sidebar_right' style=' '  ><div class='container' ><div class='template-page content  av-content-small alpha units'><div class='post-entry post-entry-type-page post-entry-540'><div class='entry-content-wrapper clearfix'>\n","protected":false},"excerpt":{"rendered":"","protected":false},"author":1,"featured_media":0,"parent":0,"menu_order":0,"comment_status":"closed","ping_status":"closed","template":"","meta":[],"_links":{"self":[{"href":"https:\/\/www.gabor-sp.si\/index.php?rest_route=\/wp\/v2\/pages\/540"}],"collection":[{"href":"https:\/\/www.gabor-sp.si\/index.php?rest_route=\/wp\/v2\/pages"}],"about":[{"href":"https:\/\/www.gabor-sp.si\/index.php?rest_route=\/wp\/v2\/types\/page"}],"author":[{"embeddable":true,"href":"https:\/\/www.gabor-sp.si\/index.php?rest_route=\/wp\/v2\/users\/1"}],"replies":[{"embeddable":true,"href":"https:\/\/www.gabor-sp.si\/index.php?rest_route=%2Fwp%2Fv2%2Fcomments&post=540"}],"version-history":[{"count":90,"href":"https:\/\/www.gabor-sp.si\/index.php?rest_route=\/wp\/v2\/pages\/540\/revisions"}],"predecessor-version":[{"id":728,"href":"https:\/\/www.gabor-sp.si\/index.php?rest_route=\/wp\/v2\/pages\/540\/revisions\/728"}],"wp:attachment":[{"href":"https:\/\/www.gabor-sp.si\/index.php?rest_route=%2Fwp%2Fv2%2Fmedia&parent=540"}],"curies":[{"name":"wp","href":"https:\/\/api.w.org\/{rel}","templated":true}]}}